{"id":2402,"date":"2017-11-12T23:00:19","date_gmt":"2017-11-12T23:00:19","guid":{"rendered":"http:\/\/weihnachtsfilmfestival.de\/?page_id=2402"},"modified":"2018-07-02T17:38:31","modified_gmt":"2018-07-02T17:38:31","slug":"horrorshorts","status":"publish","type":"page","link":"https:\/\/weihnachtsfilmfestival.de\/en\/wff2017\/horrorshorts","title":{"rendered":"Horror Shorts"},"content":{"rendered":"<div class=\"wpb-content-wrapper\">[vc_row thb_full_width=&#8221;true&#8221; thb_row_padding=&#8221;true&#8221; thb_column_padding=&#8221;true&#8221; thb_color=&#8221;light-title&#8221; thb_divider_position=&#8221;bottom&#8221;][vc_column thb_color=&#8221;thb-light-column&#8221;][vc_row_inner thb_column_padding=&#8221;true&#8221;][vc_column_inner css=&#8221;.vc_custom_1507498512702{background-color: #cc3a4d !important;}&#8221;][vc_column_text]\n<h1 style=\"text-align: center;\">Horror Shorts<\/h1>\n[\/vc_column_text][\/vc_column_inner][\/vc_row_inner][vc_row_inner thb_column_padding=&#8221;true&#8221; css=&#8221;.vc_custom_1509733984267{background-color: #013a4e !important;}&#8221;][vc_column_inner width=&#8221;1\/12&#8243;][\/vc_column_inner][vc_column_inner width=&#8221;5\/6&#8243;][vc_column_text]\n<h2 style=\"text-align: center;\">Saturday, 23.12.2017 | 10:30 pm<\/h2>\n[\/vc_column_text][\/vc_column_inner][vc_column_inner width=&#8221;1\/12&#8243;][\/vc_column_inner][\/vc_row_inner][\/vc_column][\/vc_row][vc_row thb_full_width=&#8221;true&#8221; thb_row_padding=&#8221;true&#8221; thb_column_padding=&#8221;true&#8221; thb_divider_position=&#8221;bottom&#8221;][vc_column][vc_row_inner thb_column_padding=&#8221;true&#8221; content_placement=&#8221;middle&#8221; css=&#8221;.vc_custom_1510016233260{background-color: #ffd080 !important;}&#8221;][vc_column_inner width=&#8221;1\/2&#8243;][vc_single_image image=&#8221;2328&#8243; img_size=&#8221;full&#8221; alignment=&#8221;center&#8221; el_class=&#8221;extramargin&#8221;][\/vc_column_inner][vc_column_inner width=&#8221;5\/12&#8243;][vc_column_text]\n<h5>Horror Shorts<\/h5>\n<p>12 International Short Films | 73min<br \/>\nGuests: Natalie Evans-Freke, Joanna Castelli, Stephen Gilbert<\/p>\n<p>Even at Christmas, evil knows no holiday. Zombies, monsters, ghosts, creatures, killer and animal abusers: We have them all gathered in one short film program. And when the Christmas trees take their revenge and kneading mutants attack each other, your blood will freeze and you may die of laughter.[\/vc_column_text][\/vc_column_inner][vc_column_inner width=&#8221;1\/12&#8243;][\/vc_column_inner][\/vc_row_inner][\/vc_column][\/vc_row][vc_row thb_full_width=&#8221;true&#8221; thb_row_padding=&#8221;true&#8221; thb_column_padding=&#8221;true&#8221; thb_divider_position=&#8221;bottom&#8221;][vc_column width=&#8221;1\/3&#8243;]\t<div id=\"thb-image-69fb9b57e678f\" class=\"caption-style1  alignleft full  thb_image_link wp-caption\">\n\t\t\t<div class=\"thb-image-inner size_100\">\n\t\t\t<img loading=\"lazy\" decoding=\"async\" width=\"1140\" height=\"641\" src=\"https:\/\/weihnachtsfilmfestival.de\/wp-content\/uploads\/2017\/11\/24DaysOfTorture1w-1140x641.jpg\" class=\"thb_image   thb-ignore-lazyload attachment-large thb-lazyload lazyload\" alt=\"\" title=\"24DaysOfTorture1w\" sizes=\"auto, (max-width: 1140px) 100vw, 1140px\" data-src=\"https:\/\/weihnachtsfilmfestival.de\/wp-content\/uploads\/2017\/11\/24DaysOfTorture1w-1140x641.jpg\" data-sizes=\"auto\" data-srcset=\"https:\/\/weihnachtsfilmfestival.de\/wp-content\/uploads\/2017\/11\/24DaysOfTorture1w-1140x641.jpg 1140w, https:\/\/weihnachtsfilmfestival.de\/wp-content\/uploads\/2017\/11\/24DaysOfTorture1w-600x338.jpg 600w\" \/>\n\t\t<\/div>\n\t\t\t\t\t<\/div>\n\t[vc_column_text]\n<h5>24 Days of Torture<\/h5>\n<p>Victoria Jardine, Ines Pagniez | Animation | 2min | Germany, UK 2016 | OV<br \/>\nChristopher, an advent calendar tries to protect his beloved chocolates over the period of Christmas.[\/vc_column_text][\/vc_column][vc_column width=&#8221;1\/3&#8243;]\t<div id=\"thb-image-69fb9b57e6a12\" class=\"caption-style1  alignleft full  thb_image_link wp-caption\">\n\t\t\t<div class=\"thb-image-inner size_100\">\n\t\t\t<img loading=\"lazy\" decoding=\"async\" width=\"1140\" height=\"641\" src=\"https:\/\/weihnachtsfilmfestival.de\/wp-content\/uploads\/2017\/11\/TheIntruder1-1140x641.jpg\" class=\"thb_image   thb-ignore-lazyload attachment-large thb-lazyload lazyload\" alt=\"\" title=\"TheIntruder1\" sizes=\"auto, (max-width: 1140px) 100vw, 1140px\" data-src=\"https:\/\/weihnachtsfilmfestival.de\/wp-content\/uploads\/2017\/11\/TheIntruder1-1140x641.jpg\" data-sizes=\"auto\" data-srcset=\"https:\/\/weihnachtsfilmfestival.de\/wp-content\/uploads\/2017\/11\/TheIntruder1-1140x641.jpg 1140w, https:\/\/weihnachtsfilmfestival.de\/wp-content\/uploads\/2017\/11\/TheIntruder1-600x338.jpg 600w\" \/>\n\t\t<\/div>\n\t\t\t\t\t<\/div>\n\t[vc_column_text]\n<h5>The Intruder<\/h5>\n<p>James Atkins | Thriller | 2min | UK 2013 | OV | German Premiere<br \/>\nA couple awakes by the sound of someone being broken in their home. When they go to confront the intruder they face tragic consequences.[\/vc_column_text][\/vc_column][vc_column width=&#8221;1\/3&#8243;]\t<div id=\"thb-image-69fb9b57e6c9e\" class=\"caption-style1  alignleft full  thb_image_link wp-caption\">\n\t\t\t<div class=\"thb-image-inner size_100\">\n\t\t\t<img loading=\"lazy\" decoding=\"async\" width=\"1140\" height=\"641\" src=\"https:\/\/weihnachtsfilmfestival.de\/wp-content\/uploads\/2017\/11\/Gryla1-1140x641.jpg\" class=\"thb_image   thb-ignore-lazyload attachment-large thb-lazyload lazyload\" alt=\"\" title=\"Gryla1\" sizes=\"auto, (max-width: 1140px) 100vw, 1140px\" data-src=\"https:\/\/weihnachtsfilmfestival.de\/wp-content\/uploads\/2017\/11\/Gryla1-1140x641.jpg\" data-sizes=\"auto\" data-srcset=\"https:\/\/weihnachtsfilmfestival.de\/wp-content\/uploads\/2017\/11\/Gryla1-1140x641.jpg 1140w, https:\/\/weihnachtsfilmfestival.de\/wp-content\/uploads\/2017\/11\/Gryla1-600x338.jpg 600w\" \/>\n\t\t<\/div>\n\t\t\t\t\t<\/div>\n\t[vc_column_text]\n<h5>Gr\u00fdla<\/h5>\n<p>G. Alda Gu\u00f0mundsd\u00f3ttir | Horror | 3min | Iceland 2013 | OmeU | International Premiere<br \/>\nAccording to Icelandic folklore an old troll-woman &#8216;Gr\u00fdla&#8217; used to roam the land and eat misbehaving children before Christmas. In this short film &#8216;Gr\u00fdla&#8217; is portrayed as a mad woman attacking children rather than a mythological being.[\/vc_column_text][\/vc_column][\/vc_row][vc_row thb_full_width=&#8221;true&#8221; thb_row_padding=&#8221;true&#8221; thb_column_padding=&#8221;true&#8221; thb_divider_position=&#8221;bottom&#8221;][vc_column width=&#8221;1\/3&#8243;]\t<div id=\"thb-image-69fb9b57e6f1d\" class=\"caption-style1  alignleft full  thb_image_link wp-caption\">\n\t\t\t<div class=\"thb-image-inner size_100\">\n\t\t\t<img loading=\"lazy\" decoding=\"async\" width=\"1140\" height=\"641\" src=\"https:\/\/weihnachtsfilmfestival.de\/wp-content\/uploads\/2017\/11\/ZombieChristmas1-1140x641.jpg\" class=\"thb_image   thb-ignore-lazyload attachment-large thb-lazyload lazyload\" alt=\"\" title=\"ZombieChristmas1\" sizes=\"auto, (max-width: 1140px) 100vw, 1140px\" data-src=\"https:\/\/weihnachtsfilmfestival.de\/wp-content\/uploads\/2017\/11\/ZombieChristmas1-1140x641.jpg\" data-sizes=\"auto\" data-srcset=\"https:\/\/weihnachtsfilmfestival.de\/wp-content\/uploads\/2017\/11\/ZombieChristmas1-1140x641.jpg 1140w, https:\/\/weihnachtsfilmfestival.de\/wp-content\/uploads\/2017\/11\/ZombieChristmas1-600x338.jpg 600w\" \/>\n\t\t<\/div>\n\t\t\t\t\t<\/div>\n\t[vc_column_text]\n<h5>Zombie Christmas<\/h5>\n<p>Bryon E. Carson | Animation | 3min | USA 2016 | OV | German Premiere<br \/>\nHumans and zombies celebrate a post-apocalyptic Christmas.[\/vc_column_text][\/vc_column][vc_column width=&#8221;1\/3&#8243;]\t<div id=\"thb-image-69fb9b57e71a7\" class=\"caption-style1  alignleft full  thb_image_link wp-caption\">\n\t\t\t<div class=\"thb-image-inner size_100\">\n\t\t\t<img loading=\"lazy\" decoding=\"async\" width=\"1140\" height=\"641\" src=\"https:\/\/weihnachtsfilmfestival.de\/wp-content\/uploads\/2017\/11\/Humbug1-1140x641.jpg\" class=\"thb_image   thb-ignore-lazyload attachment-large thb-lazyload lazyload\" alt=\"\" title=\"Humbug1\" sizes=\"auto, (max-width: 1140px) 100vw, 1140px\" data-src=\"https:\/\/weihnachtsfilmfestival.de\/wp-content\/uploads\/2017\/11\/Humbug1-1140x641.jpg\" data-sizes=\"auto\" data-srcset=\"https:\/\/weihnachtsfilmfestival.de\/wp-content\/uploads\/2017\/11\/Humbug1-1140x641.jpg 1140w, https:\/\/weihnachtsfilmfestival.de\/wp-content\/uploads\/2017\/11\/Humbug1-600x338.jpg 600w\" \/>\n\t\t<\/div>\n\t\t\t\t\t<\/div>\n\t[vc_column_text]\n<h5>Humbug<\/h5>\n<p>Matt Thiesen, Justin Lee | Horror, Comedy | 7min | USA 2016 | OV | German Premiere<br \/>\nA moody goth girl deep in the throes of artistic creation is interrupted by her neighbor\u2019s incessant Christmas music. When Scarlet confronts her cheery, pressed and perfect neighbor she finds out looks can be deceiving, and to never underestimate the power of Christmas cheer.[\/vc_column_text][\/vc_column][vc_column width=&#8221;1\/3&#8243;]\t<div id=\"thb-image-69fb9b57e7450\" class=\"caption-style1  alignleft full  thb_image_link wp-caption\">\n\t\t\t<div class=\"thb-image-inner size_100\">\n\t\t\t<img loading=\"lazy\" decoding=\"async\" width=\"1140\" height=\"641\" src=\"https:\/\/weihnachtsfilmfestival.de\/wp-content\/uploads\/2017\/11\/Epilogue1-1140x641.jpg\" class=\"thb_image   thb-ignore-lazyload attachment-large thb-lazyload lazyload\" alt=\"\" title=\"Epilogue1\" sizes=\"auto, (max-width: 1140px) 100vw, 1140px\" data-src=\"https:\/\/weihnachtsfilmfestival.de\/wp-content\/uploads\/2017\/11\/Epilogue1-1140x641.jpg\" data-sizes=\"auto\" data-srcset=\"https:\/\/weihnachtsfilmfestival.de\/wp-content\/uploads\/2017\/11\/Epilogue1-1140x641.jpg 1140w, https:\/\/weihnachtsfilmfestival.de\/wp-content\/uploads\/2017\/11\/Epilogue1-600x338.jpg 600w\" \/>\n\t\t<\/div>\n\t\t\t\t\t<\/div>\n\t[vc_column_text]\n<h5>Epilogue<\/h5>\n<p>Layke Anderson | Dark Drama | 7min | UK 2017 | OV | German Premiere<br \/>\nA portrait of a woman following a single act of violence.[\/vc_column_text][\/vc_column][\/vc_row][vc_row thb_full_width=&#8221;true&#8221; thb_row_padding=&#8221;true&#8221; thb_column_padding=&#8221;true&#8221; thb_divider_position=&#8221;bottom&#8221;][vc_column width=&#8221;1\/3&#8243;]\t<div id=\"thb-image-69fb9b57e76d1\" class=\"caption-style1  alignleft full  thb_image_link wp-caption\">\n\t\t\t<div class=\"thb-image-inner size_100\">\n\t\t\t<img loading=\"lazy\" decoding=\"async\" width=\"1140\" height=\"641\" src=\"https:\/\/weihnachtsfilmfestival.de\/wp-content\/uploads\/2017\/11\/TheBellOfMontebello1-1140x641.jpg\" class=\"thb_image   thb-ignore-lazyload attachment-large thb-lazyload lazyload\" alt=\"\" title=\"TheBellOfMontebello1\" sizes=\"auto, (max-width: 1140px) 100vw, 1140px\" data-src=\"https:\/\/weihnachtsfilmfestival.de\/wp-content\/uploads\/2017\/11\/TheBellOfMontebello1-1140x641.jpg\" data-sizes=\"auto\" data-srcset=\"https:\/\/weihnachtsfilmfestival.de\/wp-content\/uploads\/2017\/11\/TheBellOfMontebello1-1140x641.jpg 1140w, https:\/\/weihnachtsfilmfestival.de\/wp-content\/uploads\/2017\/11\/TheBellOfMontebello1-600x337.jpg 600w\" \/>\n\t\t<\/div>\n\t\t\t\t\t<\/div>\n\t[vc_column_text]\n<h5>O Sino de Montebello \/ The Bell of Montebello<\/h5>\n<p>Fernando Ferreira Garr\u00f3z | Animation | 5min | Brasil 2016 | OmeU<br \/>\nOn Christmas day, the toll of the bell up in the Montebello&#8217;s church&#8217;s majestic tower evokes many memories in the mind of a man, specially memories of a woman, Gina. Adapted from a short story by R. F. Lucchetti, master of Brazilian pulp fiction and horror.[\/vc_column_text][\/vc_column][vc_column width=&#8221;1\/3&#8243;]\t<div id=\"thb-image-69fb9b57e7953\" class=\"caption-style1  alignleft full  thb_image_link wp-caption\">\n\t\t\t<div class=\"thb-image-inner size_100\">\n\t\t\t<img loading=\"lazy\" decoding=\"async\" width=\"1140\" height=\"641\" src=\"https:\/\/weihnachtsfilmfestival.de\/wp-content\/uploads\/2017\/11\/LateFall2w-1140x641.jpg\" class=\"thb_image   thb-ignore-lazyload attachment-large thb-lazyload lazyload\" alt=\"\" title=\"LateFall2w\" sizes=\"auto, (max-width: 1140px) 100vw, 1140px\" data-src=\"https:\/\/weihnachtsfilmfestival.de\/wp-content\/uploads\/2017\/11\/LateFall2w-1140x641.jpg\" data-sizes=\"auto\" data-srcset=\"https:\/\/weihnachtsfilmfestival.de\/wp-content\/uploads\/2017\/11\/LateFall2w-1140x641.jpg 1140w, https:\/\/weihnachtsfilmfestival.de\/wp-content\/uploads\/2017\/11\/LateFall2w-600x338.jpg 600w\" \/>\n\t\t<\/div>\n\t\t\t\t\t<\/div>\n\t[vc_column_text]\n<h5>Late Fall<\/h5>\n<p>Matt Cerwen | Thriller | 15min | Australia, Germany 2017 | German Premiere<br \/>\nAfter the death of his wife, a man finds comfort in the company of his loyal dog, Chuck. When the city\u2019s mysterious dog poisonings jeopardise this last relationship, a man\u2019s sanity is tested in the face of losing both his wife and best friend.[\/vc_column_text][\/vc_column][vc_column width=&#8221;1\/3&#8243;]\t<div id=\"thb-image-69fb9b57e7be2\" class=\"caption-style1  alignleft full  thb_image_link wp-caption\">\n\t\t\t<div class=\"thb-image-inner size_100\">\n\t\t\t<img loading=\"lazy\" decoding=\"async\" width=\"713\" height=\"401\" src=\"https:\/\/weihnachtsfilmfestival.de\/wp-content\/uploads\/2017\/11\/UnholyNight1.jpg\" class=\"thb_image   thb-ignore-lazyload attachment-full thb-lazyload lazyload\" alt=\"\" title=\"UnholyNight1\" sizes=\"auto, (max-width: 713px) 100vw, 713px\" data-src=\"https:\/\/weihnachtsfilmfestival.de\/wp-content\/uploads\/2017\/11\/UnholyNight1.jpg\" data-sizes=\"auto\" data-srcset=\"https:\/\/weihnachtsfilmfestival.de\/wp-content\/uploads\/2017\/11\/UnholyNight1.jpg 713w, https:\/\/weihnachtsfilmfestival.de\/wp-content\/uploads\/2017\/11\/UnholyNight1-600x337.jpg 600w\" \/>\n\t\t<\/div>\n\t\t\t\t\t<\/div>\n\t[vc_column_text]\n<h5>\u00d6rstutt j\u00f3l \/ Unholy Night<\/h5>\n<p>\u00c1rni \u00de\u00f3r J\u00f3nsson | Horror, Thriller | 10min | Iceland 2007 | OmeU<br \/>\nA few days ago the participants of an experimental rehab clinic came there in order to cast out their inner demons, stay away from temptation and finally discover a little about their sober selves. That didn\u2019t go quite according to plan, but they discovered that the Yule Man from Icelandic folk tale was real.[\/vc_column_text][\/vc_column][\/vc_row][vc_row thb_full_width=&#8221;true&#8221; thb_row_padding=&#8221;true&#8221; thb_column_padding=&#8221;true&#8221; thb_divider_position=&#8221;bottom&#8221;][vc_column width=&#8221;1\/3&#8243;]\t<div id=\"thb-image-69fb9b57e7e24\" class=\"caption-style1  alignleft full  thb_image_link wp-caption\">\n\t\t\t<div class=\"thb-image-inner size_100\">\n\t\t\t<img loading=\"lazy\" decoding=\"async\" width=\"1140\" height=\"641\" src=\"https:\/\/weihnachtsfilmfestival.de\/wp-content\/uploads\/2017\/11\/ALuchagoreChristmas1w-1140x641.jpg\" class=\"thb_image   thb-ignore-lazyload attachment-large thb-lazyload lazyload\" alt=\"\" title=\"ALuchagoreChristmas1w\" sizes=\"auto, (max-width: 1140px) 100vw, 1140px\" data-src=\"https:\/\/weihnachtsfilmfestival.de\/wp-content\/uploads\/2017\/11\/ALuchagoreChristmas1w-1140x641.jpg\" data-sizes=\"auto\" data-srcset=\"https:\/\/weihnachtsfilmfestival.de\/wp-content\/uploads\/2017\/11\/ALuchagoreChristmas1w-1140x641.jpg 1140w, https:\/\/weihnachtsfilmfestival.de\/wp-content\/uploads\/2017\/11\/ALuchagoreChristmas1w-600x338.jpg 600w\" \/>\n\t\t<\/div>\n\t\t\t\t\t<\/div>\n\t[vc_column_text]\n<h5>A Luchagore Christmas<\/h5>\n<p>Gigi Saul Guerrero | Horror | 2min | Canada 2015 | OV<br \/>\nMost know Saint Nick as a jolly old man, but Luchagore tells a tale of his sadistic master plan.[\/vc_column_text][\/vc_column][vc_column width=&#8221;1\/3&#8243;]\t<div id=\"thb-image-69fb9b57e809e\" class=\"caption-style1  alignleft full  thb_image_link wp-caption\">\n\t\t\t<div class=\"thb-image-inner size_100\">\n\t\t\t<img loading=\"lazy\" decoding=\"async\" width=\"1140\" height=\"641\" src=\"https:\/\/weihnachtsfilmfestival.de\/wp-content\/uploads\/2017\/11\/FrozenBloodTestSzene1w-1140x641.jpg\" class=\"thb_image   thb-ignore-lazyload attachment-large thb-lazyload lazyload\" alt=\"\" title=\"FrozenBloodTestSzene1w\" sizes=\"auto, (max-width: 1140px) 100vw, 1140px\" data-src=\"https:\/\/weihnachtsfilmfestival.de\/wp-content\/uploads\/2017\/11\/FrozenBloodTestSzene1w-1140x641.jpg\" data-sizes=\"auto\" data-srcset=\"https:\/\/weihnachtsfilmfestival.de\/wp-content\/uploads\/2017\/11\/FrozenBloodTestSzene1w-1140x641.jpg 1140w, https:\/\/weihnachtsfilmfestival.de\/wp-content\/uploads\/2017\/11\/FrozenBloodTestSzene1w-600x337.jpg 600w\" \/>\n\t\t<\/div>\n\t\t\t\t\t<\/div>\n\t[vc_column_text]\n<h5>FROZEN \u2013 Blood Test Scene<\/h5>\n<p>Lee Hardcastle | Animation | 1min | UK 2015 | OV<br \/>\nA scene from John Carpenter&#8217;s &#8216;The Thing&#8217; recreated with a cast of Disney claymation &#8216;Frozen&#8217; characters.[\/vc_column_text][\/vc_column][vc_column width=&#8221;1\/3&#8243;]\t<div id=\"thb-image-69fb9b57e8321\" class=\"caption-style1  alignleft full  thb_image_link wp-caption\">\n\t\t\t<div class=\"thb-image-inner size_100\">\n\t\t\t<img loading=\"lazy\" decoding=\"async\" width=\"1140\" height=\"641\" src=\"https:\/\/weihnachtsfilmfestival.de\/wp-content\/uploads\/2017\/11\/Treevenge1-1140x641.jpg\" class=\"thb_image   thb-ignore-lazyload attachment-large thb-lazyload lazyload\" alt=\"\" title=\"Treevenge1\" sizes=\"auto, (max-width: 1140px) 100vw, 1140px\" data-src=\"https:\/\/weihnachtsfilmfestival.de\/wp-content\/uploads\/2017\/11\/Treevenge1-1140x641.jpg\" data-sizes=\"auto\" data-srcset=\"https:\/\/weihnachtsfilmfestival.de\/wp-content\/uploads\/2017\/11\/Treevenge1-1140x641.jpg 1140w, https:\/\/weihnachtsfilmfestival.de\/wp-content\/uploads\/2017\/11\/Treevenge1-600x338.jpg 600w\" \/>\n\t\t<\/div>\n\t\t\t\t\t<\/div>\n\t[vc_column_text]\n<h5>Treevenge<\/h5>\n<p>Jason Eisener | Horror, Comedy | 16min | Canada 2008 | OmeU<br \/>\nAfter being hacked down and shipped away from their homes, they quickly become strung up, screwed into an upright position for all to see, exposed in a humiliation of garish decorations.The Christmas trees have had enough and they will fight back.[\/vc_column_text][\/vc_column][\/vc_row][vc_row thb_full_width=&#8221;true&#8221; thb_row_padding=&#8221;true&#8221; thb_column_padding=&#8221;true&#8221; thb_color=&#8221;light-title&#8221; thb_divider_position=&#8221;bottom&#8221;][vc_column width=&#8221;1\/3&#8243; css=&#8221;.vc_custom_1510529517672{background-color: #495058 !important;}&#8221;][\/vc_column][vc_column width=&#8221;1\/3&#8243; css=&#8221;.vc_custom_1510529723059{background: #495058 url(http:\/\/weihnachtsfilmfestival.de\/wp-content\/uploads\/2017\/11\/ShortsFigHorror.png?id=2309) !important;background-position: center !important;background-repeat: no-repeat !important;background-size: contain !important;}&#8221; offset=&#8221;vc_hidden-xs&#8221;][vc_empty_space height=&#8221;45vh&#8221;][\/vc_column][vc_column width=&#8221;1\/3&#8243; css=&#8221;.vc_custom_1510529526375{background-color: #495058 !important;background-position: center !important;background-repeat: no-repeat !important;background-size: contain !important;}&#8221;][\/vc_column][\/vc_row]\n<\/div>","protected":false},"excerpt":{"rendered":"<p>[vc_row thb_full_width=&#8221;true&#8221; thb_row_padding=&#8221;true&#8221; thb_column_padding=&#8221;true&#8221; thb_color=&#8221;light-title&#8221; thb_divider_position=&#8221;bottom&#8221;][vc_column thb_color=&#8221;thb-light-column&#8221;][vc_row_inner thb_column_padding=&#8221;true&#8221;][vc_column_inner css=&#8221;.vc_custom_1507498512702{background-color: #cc3a4d !important;}&#8221;][vc_column_text] Horror Shorts [\/vc_column_text][\/vc_column_inner][\/vc_row_inner][vc_row_inner thb_column_padding=&#8221;true&#8221; css=&#8221;.vc_custom_1509733984267{background-color: #013a4e !important;}&#8221;][vc_column_inner width=&#8221;1\/12&#8243;][\/vc_column_inner][vc_column_inner width=&#8221;5\/6&#8243;][vc_column_text] Saturday, 23.12.2017 | 10:30 pm [\/vc_column_text][\/vc_column_inner][vc_column_inner width=&#8221;1\/12&#8243;][\/vc_column_inner][\/vc_row_inner][\/vc_column][\/vc_row][vc_row thb_full_width=&#8221;true&#8221; thb_row_padding=&#8221;true&#8221; thb_column_padding=&#8221;true&#8221; thb_divider_position=&#8221;bottom&#8221;][vc_column][vc_row_inner thb_column_padding=&#8221;true&#8221; content_placement=&#8221;middle&#8221; css=&#8221;.vc_custom_1510016233260{background-color: #ffd080 !important;}&#8221;][vc_column_inner width=&#8221;1\/2&#8243;][vc_single_image image=&#8221;2328&#8243; img_size=&#8221;full&#8221; alignment=&#8221;center&#8221; el_class=&#8221;extramargin&#8221;][\/vc_column_inner][vc_column_inner width=&#8221;5\/12&#8243;][vc_column_text] Horror Shorts 12 International Short Films | 73min Guests: Natalie Evans-Freke, Joanna Castelli,&hellip;<\/p>\n","protected":false},"author":1,"featured_media":2240,"parent":2217,"menu_order":0,"comment_status":"closed","ping_status":"closed","template":"","meta":{"footnotes":""},"class_list":["post-2402","page","type-page","status-publish","has-post-thumbnail","hentry"],"aioseo_notices":[],"_links":{"self":[{"href":"https:\/\/weihnachtsfilmfestival.de\/en\/wp-json\/wp\/v2\/pages\/2402","targetHints":{"allow":["GET"]}}],"collection":[{"href":"https:\/\/weihnachtsfilmfestival.de\/en\/wp-json\/wp\/v2\/pages"}],"about":[{"href":"https:\/\/weihnachtsfilmfestival.de\/en\/wp-json\/wp\/v2\/types\/page"}],"author":[{"embeddable":true,"href":"https:\/\/weihnachtsfilmfestival.de\/en\/wp-json\/wp\/v2\/users\/1"}],"replies":[{"embeddable":true,"href":"https:\/\/weihnachtsfilmfestival.de\/en\/wp-json\/wp\/v2\/comments?post=2402"}],"version-history":[{"count":16,"href":"https:\/\/weihnachtsfilmfestival.de\/en\/wp-json\/wp\/v2\/pages\/2402\/revisions"}],"predecessor-version":[{"id":3049,"href":"https:\/\/weihnachtsfilmfestival.de\/en\/wp-json\/wp\/v2\/pages\/2402\/revisions\/3049"}],"up":[{"embeddable":true,"href":"https:\/\/weihnachtsfilmfestival.de\/en\/wp-json\/wp\/v2\/pages\/2217"}],"wp:featuredmedia":[{"embeddable":true,"href":"https:\/\/weihnachtsfilmfestival.de\/en\/wp-json\/wp\/v2\/media\/2240"}],"wp:attachment":[{"href":"https:\/\/weihnachtsfilmfestival.de\/en\/wp-json\/wp\/v2\/media?parent=2402"}],"curies":[{"name":"wp","href":"https:\/\/api.w.org\/{rel}","templated":true}]}}