{"id":2435,"date":"2017-11-14T20:58:26","date_gmt":"2017-11-14T20:58:26","guid":{"rendered":"http:\/\/weihnachtsfilmfestival.de\/?page_id=2435"},"modified":"2018-07-02T17:43:23","modified_gmt":"2018-07-02T17:43:23","slug":"nutcrackershorts","status":"publish","type":"page","link":"https:\/\/weihnachtsfilmfestival.de\/en\/wff2017\/nutcrackershorts","title":{"rendered":"Nutcracker Shorts"},"content":{"rendered":"<div class=\"wpb-content-wrapper\">[vc_row thb_full_width=&#8221;true&#8221; thb_row_padding=&#8221;true&#8221; thb_column_padding=&#8221;true&#8221; thb_color=&#8221;light-title&#8221; thb_divider_position=&#8221;bottom&#8221;][vc_column thb_color=&#8221;thb-light-column&#8221;][vc_row_inner thb_column_padding=&#8221;true&#8221;][vc_column_inner css=&#8221;.vc_custom_1507498512702{background-color: #cc3a4d !important;}&#8221;][vc_column_text]\n<h1 style=\"text-align: center;\">Nutcracker Shorts<\/h1>\n[\/vc_column_text][\/vc_column_inner][\/vc_row_inner][vc_row_inner thb_column_padding=&#8221;true&#8221; css=&#8221;.vc_custom_1509733984267{background-color: #013a4e !important;}&#8221;][vc_column_inner width=&#8221;1\/12&#8243;][\/vc_column_inner][vc_column_inner width=&#8221;5\/6&#8243;][vc_column_text]\n<h2 style=\"text-align: center;\">Saturday, 23.12.2017 | 6:00 pm<\/h2>\n[\/vc_column_text][\/vc_column_inner][vc_column_inner width=&#8221;1\/12&#8243;][\/vc_column_inner][\/vc_row_inner][\/vc_column][\/vc_row][vc_row thb_full_width=&#8221;true&#8221; thb_row_padding=&#8221;true&#8221; thb_column_padding=&#8221;true&#8221; thb_divider_position=&#8221;bottom&#8221;][vc_column][vc_row_inner thb_column_padding=&#8221;true&#8221; content_placement=&#8221;middle&#8221; css=&#8221;.vc_custom_1510695934813{background-color: #ffd080 !important;}&#8221;][vc_column_inner width=&#8221;1\/2&#8243;][vc_single_image image=&#8221;2326&#8243; img_size=&#8221;full&#8221; alignment=&#8221;center&#8221; el_class=&#8221;extramargin&#8221;][\/vc_column_inner][vc_column_inner width=&#8221;5\/12&#8243;][vc_column_text]\n<h5>Nutcracker Shorts<\/h5>\n<p>11 International Short Films | 89min<br \/>\nGuest: Jens Blank<\/p>\n<p>Let us dive into the wild side of Christmas. These short films tell about strange traditions, weird romances, armed robbery and other naughty stuff. Sex included. Of course, bad guys like Krampus, Putin or Trump can&#8217;t be missed here. Bring your favorite leather whip and let us crack some nuts.[\/vc_column_text][\/vc_column_inner][vc_column_inner width=&#8221;1\/12&#8243;][\/vc_column_inner][\/vc_row_inner][\/vc_column][\/vc_row][vc_row thb_full_width=&#8221;true&#8221; thb_row_padding=&#8221;true&#8221; thb_column_padding=&#8221;true&#8221; thb_divider_position=&#8221;bottom&#8221;][vc_column width=&#8221;1\/3&#8243;]\t<div id=\"thb-image-69fb9ac58b258\" class=\"caption-style1  alignleft full  thb_image_link wp-caption\">\n\t\t\t<div class=\"thb-image-inner size_100\">\n\t\t\t<img loading=\"lazy\" decoding=\"async\" width=\"960\" height=\"540\" src=\"https:\/\/weihnachtsfilmfestival.de\/wp-content\/uploads\/2017\/11\/InsideASquareCircle1.jpg\" class=\"thb_image   thb-ignore-lazyload attachment-full thb-lazyload lazyload\" alt=\"Image from &quot;Bj\u00f6rk&quot;\" title=\"Image from &quot;Bj\u00f6rk&quot;\" sizes=\"auto, (max-width: 960px) 100vw, 960px\" data-src=\"https:\/\/weihnachtsfilmfestival.de\/wp-content\/uploads\/2017\/11\/InsideASquareCircle1.jpg\" data-sizes=\"auto\" data-srcset=\"https:\/\/weihnachtsfilmfestival.de\/wp-content\/uploads\/2017\/11\/InsideASquareCircle1.jpg 960w, https:\/\/weihnachtsfilmfestival.de\/wp-content\/uploads\/2017\/11\/InsideASquareCircle1-600x338.jpg 600w\" \/>\n\t\t<\/div>\n\t\t\t\t\t<\/div>\n\t[vc_column_text]\n<h5>\u0412\u043d\u0443\u0442\u0440\u0438 \u043a\u0432\u0430\u0434\u0440\u0430\u0442\u043e\u043d\u043e\u0433\u043e \u043a\u0440\u0443\u0433\u0430 \/ Inside a Square Circle<\/h5>\n<p>Val\u0113rijs \u0160ev\u010denko | Documentary | 18min | Russia 2011 | OmeU<br \/>\n5000 children return from a Christmas party and look for their parents. A seemingly banal premise is turned into a humorous reflection about the archaic forces of parental love, state authority, succumbing to chaos and cell phones as the modern form of the umbilical cord.[\/vc_column_text][\/vc_column][vc_column width=&#8221;1\/3&#8243;]\t<div id=\"thb-image-69fb9ac58b505\" class=\"caption-style1  alignleft full  thb_image_link wp-caption\">\n\t\t\t<div class=\"thb-image-inner size_100\">\n\t\t\t<img loading=\"lazy\" decoding=\"async\" width=\"1140\" height=\"641\" src=\"https:\/\/weihnachtsfilmfestival.de\/wp-content\/uploads\/2017\/11\/Krampus1-1-1140x641.jpg\" class=\"thb_image   thb-ignore-lazyload attachment-large thb-lazyload lazyload\" alt=\"\" title=\"Krampus1\" sizes=\"auto, (max-width: 1140px) 100vw, 1140px\" data-src=\"https:\/\/weihnachtsfilmfestival.de\/wp-content\/uploads\/2017\/11\/Krampus1-1-1140x641.jpg\" data-sizes=\"auto\" data-srcset=\"https:\/\/weihnachtsfilmfestival.de\/wp-content\/uploads\/2017\/11\/Krampus1-1-1140x641.jpg 1140w, https:\/\/weihnachtsfilmfestival.de\/wp-content\/uploads\/2017\/11\/Krampus1-1-600x338.jpg 600w\" \/>\n\t\t<\/div>\n\t\t\t\t\t<\/div>\n\t[vc_column_text]\n<h5>Krampus<\/h5>\n<p>James Gandy | Animation | 3min | UK 2017 | OV | German Premiere<br \/>\nA young boy learns what happens when you\u2019re not on Father Christmas&#8217; good list. He&#8217;s learning how to get in to the Christmas spirit the hard way when he is visited by the dreaded demon Krampus.[\/vc_column_text][\/vc_column][vc_column width=&#8221;1\/3&#8243;]\t<div id=\"thb-image-69fb9ac58b7c4\" class=\"caption-style1  alignleft full  thb_image_link wp-caption\">\n\t\t\t<div class=\"thb-image-inner size_100\">\n\t\t\t<img loading=\"lazy\" decoding=\"async\" width=\"1140\" height=\"641\" src=\"https:\/\/weihnachtsfilmfestival.de\/wp-content\/uploads\/2017\/11\/Bleifrei1w-1140x641.jpg\" class=\"thb_image   thb-ignore-lazyload attachment-large thb-lazyload lazyload\" alt=\"\" title=\"Bleifrei1w\" sizes=\"auto, (max-width: 1140px) 100vw, 1140px\" data-src=\"https:\/\/weihnachtsfilmfestival.de\/wp-content\/uploads\/2017\/11\/Bleifrei1w-1140x641.jpg\" data-sizes=\"auto\" data-srcset=\"https:\/\/weihnachtsfilmfestival.de\/wp-content\/uploads\/2017\/11\/Bleifrei1w-1140x641.jpg 1140w, https:\/\/weihnachtsfilmfestival.de\/wp-content\/uploads\/2017\/11\/Bleifrei1w-600x338.jpg 600w\" \/>\n\t\t<\/div>\n\t\t\t\t\t<\/div>\n\t[vc_column_text]\n<h5>Bleifrei \/ Unleaded<\/h5>\n<p>Nico Hofer | Comedy | 17min | Germany 2016 | OV<br \/>\nChristmas time in the south German province. With his best friend Kalle, Carsten is robbing a lonely gas station. It has to be perfect. Perfect for the security camera as this will tell later what really happened. But then everything seems to go wrong\u2026[\/vc_column_text][\/vc_column][\/vc_row][vc_row thb_full_width=&#8221;true&#8221; thb_row_padding=&#8221;true&#8221; thb_column_padding=&#8221;true&#8221; thb_divider_position=&#8221;bottom&#8221;][vc_column width=&#8221;1\/3&#8243;]\t<div id=\"thb-image-69fb9ac58ba7f\" class=\"caption-style1  alignleft full  thb_image_link wp-caption\">\n\t\t\t<div class=\"thb-image-inner size_100\">\n\t\t\t<img loading=\"lazy\" decoding=\"async\" width=\"1140\" height=\"641\" src=\"https:\/\/weihnachtsfilmfestival.de\/wp-content\/uploads\/2017\/11\/TisTheSeason1-1140x641.jpg\" class=\"thb_image   thb-ignore-lazyload attachment-large thb-lazyload lazyload\" alt=\"\" title=\"TisTheSeason1\" sizes=\"auto, (max-width: 1140px) 100vw, 1140px\" data-src=\"https:\/\/weihnachtsfilmfestival.de\/wp-content\/uploads\/2017\/11\/TisTheSeason1-1140x641.jpg\" data-sizes=\"auto\" data-srcset=\"https:\/\/weihnachtsfilmfestival.de\/wp-content\/uploads\/2017\/11\/TisTheSeason1-1140x641.jpg 1140w, https:\/\/weihnachtsfilmfestival.de\/wp-content\/uploads\/2017\/11\/TisTheSeason1-600x338.jpg 600w\" \/>\n\t\t<\/div>\n\t\t\t\t\t<\/div>\n\t[vc_column_text]\n<h5>Tis the Season<\/h5>\n<p>Jens Blank, Anna Benner | Animation | 2min | Germany 2013 | OV<br \/>\nWhat is Santa and his gang up to during their free time?[\/vc_column_text][\/vc_column][vc_column width=&#8221;1\/3&#8243;]\t<div id=\"thb-image-69fb9ac58bd29\" class=\"caption-style1  alignleft full  thb_image_link wp-caption\">\n\t\t\t<div class=\"thb-image-inner size_100\">\n\t\t\t<img loading=\"lazy\" decoding=\"async\" width=\"1140\" height=\"641\" src=\"https:\/\/weihnachtsfilmfestival.de\/wp-content\/uploads\/2017\/11\/EmergencyCall1-1140x641.jpg\" class=\"thb_image   thb-ignore-lazyload attachment-large thb-lazyload lazyload\" alt=\"\" title=\"EmergencyCall1\" sizes=\"auto, (max-width: 1140px) 100vw, 1140px\" data-src=\"https:\/\/weihnachtsfilmfestival.de\/wp-content\/uploads\/2017\/11\/EmergencyCall1-1140x641.jpg\" data-sizes=\"auto\" data-srcset=\"https:\/\/weihnachtsfilmfestival.de\/wp-content\/uploads\/2017\/11\/EmergencyCall1-1140x641.jpg 1140w, https:\/\/weihnachtsfilmfestival.de\/wp-content\/uploads\/2017\/11\/EmergencyCall1-600x338.jpg 600w\" \/>\n\t\t<\/div>\n\t\t\t\t\t<\/div>\n\t[vc_column_text]\n<h5>Appel D&#8217;Urgence \/ Emergency Call<\/h5>\n<p>Raphael Biss | Comedy | 14min | France 2016 | OmeU<br \/>\nAfter breaking down on a small mountain road, Sebastien falls in deep love with the voice behind the emergency phone booth.[\/vc_column_text][\/vc_column][vc_column width=&#8221;1\/3&#8243;]\t<div id=\"thb-image-69fb9ac58bfd1\" class=\"caption-style1  alignleft full  thb_image_link wp-caption\">\n\t\t\t<div class=\"thb-image-inner size_100\">\n\t\t\t<img loading=\"lazy\" decoding=\"async\" width=\"1140\" height=\"641\" src=\"https:\/\/weihnachtsfilmfestival.de\/wp-content\/uploads\/2017\/11\/ALittleChristmasMiracle1-1140x641.jpg\" class=\"thb_image   thb-ignore-lazyload attachment-large thb-lazyload lazyload\" alt=\"\" title=\"ALittleChristmasMiracle1\" sizes=\"auto, (max-width: 1140px) 100vw, 1140px\" data-src=\"https:\/\/weihnachtsfilmfestival.de\/wp-content\/uploads\/2017\/11\/ALittleChristmasMiracle1-1140x641.jpg\" data-sizes=\"auto\" data-srcset=\"https:\/\/weihnachtsfilmfestival.de\/wp-content\/uploads\/2017\/11\/ALittleChristmasMiracle1-1140x641.jpg 1140w, https:\/\/weihnachtsfilmfestival.de\/wp-content\/uploads\/2017\/11\/ALittleChristmasMiracle1-600x338.jpg 600w\" \/>\n\t\t<\/div>\n\t\t\t\t\t<\/div>\n\t[vc_column_text]\n<h5>A Little Christmas Miracle<\/h5>\n<p>Llamallama \/ Nomint | Animation | 4min | UK 2012 | OV<br \/>\nThe garden leprechaun gnomes Tray and Robert meet Santa who is suffering from a severe stomach ache. They are trying to help Santa by entering his stomach. In his festive guts Tray and Robert have to overcome real and inner demons.[\/vc_column_text][\/vc_column][\/vc_row][vc_row thb_full_width=&#8221;true&#8221; thb_row_padding=&#8221;true&#8221; thb_column_padding=&#8221;true&#8221; thb_divider_position=&#8221;bottom&#8221;][vc_column width=&#8221;1\/3&#8243;]\t<div id=\"thb-image-69fb9ac58c27b\" class=\"caption-style1  alignleft full  thb_image_link wp-caption\">\n\t\t\t<div class=\"thb-image-inner size_100\">\n\t\t\t<img loading=\"lazy\" decoding=\"async\" width=\"1140\" height=\"641\" src=\"https:\/\/weihnachtsfilmfestival.de\/wp-content\/uploads\/2017\/11\/NightLive1w-1140x641.jpg\" class=\"thb_image   thb-ignore-lazyload attachment-large thb-lazyload lazyload\" alt=\"\" title=\"NightLive1w\" sizes=\"auto, (max-width: 1140px) 100vw, 1140px\" data-src=\"https:\/\/weihnachtsfilmfestival.de\/wp-content\/uploads\/2017\/11\/NightLive1w-1140x641.jpg\" data-sizes=\"auto\" data-srcset=\"https:\/\/weihnachtsfilmfestival.de\/wp-content\/uploads\/2017\/11\/NightLive1w-1140x641.jpg 1140w, https:\/\/weihnachtsfilmfestival.de\/wp-content\/uploads\/2017\/11\/NightLive1w-600x338.jpg 600w\" \/>\n\t\t<\/div>\n\t\t\t\t\t<\/div>\n\t[vc_column_text]\n<h5>Night Live<\/h5>\n<p>Dazhi Huang | Drama | 15min | USA, China 2017 | OmeU | German Premiere<br \/>\nNew York and Shanghai: Two guys having casual hook-ups are exposed online in real-time and both have to face instant consequences.[\/vc_column_text][\/vc_column][vc_column width=&#8221;1\/3&#8243;]\t<div id=\"thb-image-69fb9ac58c518\" class=\"caption-style1  alignleft full  thb_image_link wp-caption\">\n\t\t\t<div class=\"thb-image-inner size_100\">\n\t\t\t<img loading=\"lazy\" decoding=\"async\" width=\"1140\" height=\"641\" src=\"https:\/\/weihnachtsfilmfestival.de\/wp-content\/uploads\/2017\/11\/Porn1-1140x641.jpg\" class=\"thb_image   thb-ignore-lazyload attachment-large thb-lazyload lazyload\" alt=\"Image from &quot;Bj\u00f6rk&quot;\" title=\"Image from &quot;Bj\u00f6rk&quot;\" sizes=\"auto, (max-width: 1140px) 100vw, 1140px\" data-src=\"https:\/\/weihnachtsfilmfestival.de\/wp-content\/uploads\/2017\/11\/Porn1-1140x641.jpg\" data-sizes=\"auto\" data-srcset=\"https:\/\/weihnachtsfilmfestival.de\/wp-content\/uploads\/2017\/11\/Porn1-1140x641.jpg 1140w, https:\/\/weihnachtsfilmfestival.de\/wp-content\/uploads\/2017\/11\/Porn1-600x338.jpg 600w\" \/>\n\t\t<\/div>\n\t\t\t\t\t<\/div>\n\t[vc_column_text]\n<h5>Porn<\/h5>\n<p>Leah Shore | Animation | 1min | USA, Canada 2014 | OV<br \/>\nWho knew that porn could be this festive?[\/vc_column_text][\/vc_column][vc_column width=&#8221;1\/3&#8243;]\t<div id=\"thb-image-69fb9ac58c7e9\" class=\"caption-style1  alignleft full  thb_image_link wp-caption\">\n\t\t\t<div class=\"thb-image-inner size_100\">\n\t\t\t<img loading=\"lazy\" decoding=\"async\" width=\"1140\" height=\"641\" src=\"https:\/\/weihnachtsfilmfestival.de\/wp-content\/uploads\/2017\/11\/HoMalone1-1140x641.jpg\" class=\"thb_image   thb-ignore-lazyload attachment-large thb-lazyload lazyload\" alt=\"\" title=\"HoMalone1\" sizes=\"auto, (max-width: 1140px) 100vw, 1140px\" data-src=\"https:\/\/weihnachtsfilmfestival.de\/wp-content\/uploads\/2017\/11\/HoMalone1-1140x641.jpg\" data-sizes=\"auto\" data-srcset=\"https:\/\/weihnachtsfilmfestival.de\/wp-content\/uploads\/2017\/11\/HoMalone1-1140x641.jpg 1140w, https:\/\/weihnachtsfilmfestival.de\/wp-content\/uploads\/2017\/11\/HoMalone1-600x338.jpg 600w\" \/>\n\t\t<\/div>\n\t\t\t\t\t<\/div>\n\t[vc_column_text]\n<h5>Ho Malone<\/h5>\n<p>John Ferrer | Comedy | 6min | USA 2014 | OV | International Premiere<br \/>\nIn this exploitation parody of the John Hughes\/Chris Columbus classic, Ho Malone has to protect the only home she knows from a pair of burglars on Christmas Eve.[\/vc_column_text][\/vc_column][\/vc_row][vc_row thb_full_width=&#8221;true&#8221; thb_row_padding=&#8221;true&#8221; thb_column_padding=&#8221;true&#8221; thb_divider_position=&#8221;bottom&#8221;][vc_column width=&#8221;1\/3&#8243;]\t<div id=\"thb-image-69fb9ac58ca84\" class=\"caption-style1  alignleft full  thb_image_link wp-caption\">\n\t\t\t<div class=\"thb-image-inner size_100\">\n\t\t\t<img loading=\"lazy\" decoding=\"async\" width=\"800\" height=\"450\" src=\"https:\/\/weihnachtsfilmfestival.de\/wp-content\/uploads\/2017\/11\/GiftAway1.jpg\" class=\"thb_image   thb-ignore-lazyload attachment-full thb-lazyload lazyload\" alt=\"\" title=\"GiftAway1\" sizes=\"auto, (max-width: 800px) 100vw, 800px\" data-src=\"https:\/\/weihnachtsfilmfestival.de\/wp-content\/uploads\/2017\/11\/GiftAway1.jpg\" data-sizes=\"auto\" data-srcset=\"https:\/\/weihnachtsfilmfestival.de\/wp-content\/uploads\/2017\/11\/GiftAway1.jpg 800w, https:\/\/weihnachtsfilmfestival.de\/wp-content\/uploads\/2017\/11\/GiftAway1-600x338.jpg 600w\" \/>\n\t\t<\/div>\n\t\t\t\t\t<\/div>\n\t[vc_column_text]\n<h5>Gift Away<\/h5>\n<p>Shawy | Animation | 1min | France 2017 | OV | German Premiere<br \/>\nChristmas is the worst night for a gift.[\/vc_column_text][\/vc_column][vc_column width=&#8221;1\/3&#8243;]\t<div id=\"thb-image-69fb9ac58cce3\" class=\"caption-style1  alignleft full  thb_image_link wp-caption\">\n\t\t\t<div class=\"thb-image-inner size_100\">\n\t\t\t<img loading=\"lazy\" decoding=\"async\" width=\"1140\" height=\"641\" src=\"https:\/\/weihnachtsfilmfestival.de\/wp-content\/uploads\/2017\/11\/InTheFamilyCircle1w-1140x641.jpg\" class=\"thb_image   thb-ignore-lazyload attachment-large thb-lazyload lazyload\" alt=\"\" title=\"InTheFamilyCircle1w\" sizes=\"auto, (max-width: 1140px) 100vw, 1140px\" data-src=\"https:\/\/weihnachtsfilmfestival.de\/wp-content\/uploads\/2017\/11\/InTheFamilyCircle1w-1140x641.jpg\" data-sizes=\"auto\" data-srcset=\"https:\/\/weihnachtsfilmfestival.de\/wp-content\/uploads\/2017\/11\/InTheFamilyCircle1w-1140x641.jpg 1140w, https:\/\/weihnachtsfilmfestival.de\/wp-content\/uploads\/2017\/11\/InTheFamilyCircle1w-600x338.jpg 600w\" \/>\n\t\t<\/div>\n\t\t\t\t\t<\/div>\n\t[vc_column_text]\n<h5>\u0412 \u043a\u0440\u0443\u0433\u0443 \u0441\u0435\u043c\u044c\u0438 \/ In the Family Circle<\/h5>\n<p>Vladimir Bayandin | Experimental Film | 7min | Russia 2017 | OmeU | German Premiere<br \/>\nA mother has so much faith in the President of Russia, that in her eyes he becomes the head of the family. But there is one problem \u2013 her son doesn&#8217;t share these beliefs.[\/vc_column_text][\/vc_column][vc_column width=&#8221;1\/3&#8243; css=&#8221;.vc_custom_1510695961877{background: #ffd080 url(http:\/\/weihnachtsfilmfestival.de\/wp-content\/uploads\/2017\/11\/ShortsFigNutcracker.png?id=2307) !important;background-position: center !important;background-repeat: no-repeat !important;background-size: contain !important;}&#8221;][\/vc_column][\/vc_row]\n<\/div>","protected":false},"excerpt":{"rendered":"<p>[vc_row thb_full_width=&#8221;true&#8221; thb_row_padding=&#8221;true&#8221; thb_column_padding=&#8221;true&#8221; thb_color=&#8221;light-title&#8221; thb_divider_position=&#8221;bottom&#8221;][vc_column thb_color=&#8221;thb-light-column&#8221;][vc_row_inner thb_column_padding=&#8221;true&#8221;][vc_column_inner css=&#8221;.vc_custom_1507498512702{background-color: #cc3a4d !important;}&#8221;][vc_column_text] Nutcracker Shorts [\/vc_column_text][\/vc_column_inner][\/vc_row_inner][vc_row_inner thb_column_padding=&#8221;true&#8221; css=&#8221;.vc_custom_1509733984267{background-color: #013a4e !important;}&#8221;][vc_column_inner width=&#8221;1\/12&#8243;][\/vc_column_inner][vc_column_inner width=&#8221;5\/6&#8243;][vc_column_text] Saturday, 23.12.2017 | 6:00 pm [\/vc_column_text][\/vc_column_inner][vc_column_inner width=&#8221;1\/12&#8243;][\/vc_column_inner][\/vc_row_inner][\/vc_column][\/vc_row][vc_row thb_full_width=&#8221;true&#8221; thb_row_padding=&#8221;true&#8221; thb_column_padding=&#8221;true&#8221; thb_divider_position=&#8221;bottom&#8221;][vc_column][vc_row_inner thb_column_padding=&#8221;true&#8221; content_placement=&#8221;middle&#8221; css=&#8221;.vc_custom_1510695934813{background-color: #ffd080 !important;}&#8221;][vc_column_inner width=&#8221;1\/2&#8243;][vc_single_image image=&#8221;2326&#8243; img_size=&#8221;full&#8221; alignment=&#8221;center&#8221; el_class=&#8221;extramargin&#8221;][\/vc_column_inner][vc_column_inner width=&#8221;5\/12&#8243;][vc_column_text] Nutcracker Shorts 11 International Short Films | 89min Guest: Jens Blank Let us&hellip;<\/p>\n","protected":false},"author":1,"featured_media":2241,"parent":2217,"menu_order":0,"comment_status":"closed","ping_status":"closed","template":"","meta":{"footnotes":""},"class_list":["post-2435","page","type-page","status-publish","has-post-thumbnail","hentry"],"aioseo_notices":[],"_links":{"self":[{"href":"https:\/\/weihnachtsfilmfestival.de\/en\/wp-json\/wp\/v2\/pages\/2435","targetHints":{"allow":["GET"]}}],"collection":[{"href":"https:\/\/weihnachtsfilmfestival.de\/en\/wp-json\/wp\/v2\/pages"}],"about":[{"href":"https:\/\/weihnachtsfilmfestival.de\/en\/wp-json\/wp\/v2\/types\/page"}],"author":[{"embeddable":true,"href":"https:\/\/weihnachtsfilmfestival.de\/en\/wp-json\/wp\/v2\/users\/1"}],"replies":[{"embeddable":true,"href":"https:\/\/weihnachtsfilmfestival.de\/en\/wp-json\/wp\/v2\/comments?post=2435"}],"version-history":[{"count":15,"href":"https:\/\/weihnachtsfilmfestival.de\/en\/wp-json\/wp\/v2\/pages\/2435\/revisions"}],"predecessor-version":[{"id":2701,"href":"https:\/\/weihnachtsfilmfestival.de\/en\/wp-json\/wp\/v2\/pages\/2435\/revisions\/2701"}],"up":[{"embeddable":true,"href":"https:\/\/weihnachtsfilmfestival.de\/en\/wp-json\/wp\/v2\/pages\/2217"}],"wp:featuredmedia":[{"embeddable":true,"href":"https:\/\/weihnachtsfilmfestival.de\/en\/wp-json\/wp\/v2\/media\/2241"}],"wp:attachment":[{"href":"https:\/\/weihnachtsfilmfestival.de\/en\/wp-json\/wp\/v2\/media?parent=2435"}],"curies":[{"name":"wp","href":"https:\/\/api.w.org\/{rel}","templated":true}]}}