{"id":5043,"date":"2021-11-15T13:10:05","date_gmt":"2021-11-15T13:10:05","guid":{"rendered":"http:\/\/weihnachtsfilmfestival.de\/?page_id=5043"},"modified":"2021-12-05T20:09:06","modified_gmt":"2021-12-05T20:09:06","slug":"echo","status":"publish","type":"page","link":"https:\/\/weihnachtsfilmfestival.de\/en\/wff2021\/echo","title":{"rendered":"Bergm\u00e1l \/ Echo"},"content":{"rendered":"<div class=\"wpb-content-wrapper\">[vc_row thb_full_width=&#8221;true&#8221; thb_row_padding=&#8221;true&#8221; thb_column_padding=&#8221;true&#8221; thb_color=&#8221;light-title&#8221; thb_divider_position=&#8221;bottom&#8221;][vc_column thb_color=&#8221;thb-light-column&#8221; el_class=&#8221;farbe1&#8243;][vc_column_text]\n<h1 style=\"text-align: center;\">Bergm\u00e1l \/ Echo<\/h1>\n[\/vc_column_text][\/vc_column][\/vc_row][vc_row thb_full_width=&#8221;true&#8221; thb_row_padding=&#8221;true&#8221; thb_column_padding=&#8221;true&#8221; thb_color=&#8221;light-title&#8221; thb_divider_position=&#8221;bottom&#8221;][vc_column width=&#8221;1\/3&#8243; offset=&#8221;vc_hidden-xs&#8221;]\t<div id=\"thb-image-69e18afb90fc1\" class=\"caption-style1  alignleft full  thb_image_link wp-caption\">\n\t\t\t<div class=\"thb-image-inner size_100\">\n\t\t\t<img loading=\"lazy\" decoding=\"async\" width=\"1140\" height=\"641\" src=\"https:\/\/weihnachtsfilmfestival.de\/wp-content\/uploads\/2021\/11\/Echo1-1140x641.jpg\" class=\"thb_image   thb-ignore-lazyload attachment-large thb-lazyload lazyload\" alt=\"Stills \u00a9Nimbus Iceland \/ Sophia Olsson\" title=\"Echo1\" sizes=\"auto, (max-width: 1140px) 100vw, 1140px\" data-src=\"https:\/\/weihnachtsfilmfestival.de\/wp-content\/uploads\/2021\/11\/Echo1-1140x641.jpg\" data-sizes=\"auto\" data-srcset=\"https:\/\/weihnachtsfilmfestival.de\/wp-content\/uploads\/2021\/11\/Echo1-1140x641.jpg 1140w, https:\/\/weihnachtsfilmfestival.de\/wp-content\/uploads\/2021\/11\/Echo1-640x360.jpg 640w, https:\/\/weihnachtsfilmfestival.de\/wp-content\/uploads\/2021\/11\/Echo1-20x11.jpg 20w, https:\/\/weihnachtsfilmfestival.de\/wp-content\/uploads\/2021\/11\/Echo1-320x180.jpg 320w\" \/>\n\t\t<\/div>\n\t\t\t\t\t<\/div>\n\t[\/vc_column][vc_column width=&#8221;1\/3&#8243; offset=&#8221;vc_hidden-xs&#8221;]\t<div id=\"thb-image-69e18afb911a5\" class=\"caption-style1  alignleft full  thb_image_link wp-caption\">\n\t\t\t<div class=\"thb-image-inner size_100\">\n\t\t\t<img loading=\"lazy\" decoding=\"async\" width=\"1140\" height=\"641\" src=\"https:\/\/weihnachtsfilmfestival.de\/wp-content\/uploads\/2021\/11\/Echo2-1140x641.jpg\" class=\"thb_image   thb-ignore-lazyload attachment-large thb-lazyload lazyload\" alt=\"Stills \u00a9Nimbus Iceland \/ Sophia Olsson\" title=\"Echo2\" sizes=\"auto, (max-width: 1140px) 100vw, 1140px\" data-src=\"https:\/\/weihnachtsfilmfestival.de\/wp-content\/uploads\/2021\/11\/Echo2-1140x641.jpg\" data-sizes=\"auto\" data-srcset=\"https:\/\/weihnachtsfilmfestival.de\/wp-content\/uploads\/2021\/11\/Echo2-1140x641.jpg 1140w, https:\/\/weihnachtsfilmfestival.de\/wp-content\/uploads\/2021\/11\/Echo2-640x360.jpg 640w, https:\/\/weihnachtsfilmfestival.de\/wp-content\/uploads\/2021\/11\/Echo2-20x11.jpg 20w, https:\/\/weihnachtsfilmfestival.de\/wp-content\/uploads\/2021\/11\/Echo2-320x180.jpg 320w\" \/>\n\t\t<\/div>\n\t\t\t\t\t<\/div>\n\t[\/vc_column][vc_column width=&#8221;1\/3&#8243; offset=&#8221;vc_hidden-xs&#8221;]\t<div id=\"thb-image-69e18afb91384\" class=\"caption-style1  alignleft full  thb_image_link wp-caption\">\n\t\t\t<div class=\"thb-image-inner size_100\">\n\t\t\t<img loading=\"lazy\" decoding=\"async\" width=\"1140\" height=\"641\" src=\"https:\/\/weihnachtsfilmfestival.de\/wp-content\/uploads\/2021\/11\/Echo3-1140x641.jpg\" class=\"thb_image   thb-ignore-lazyload attachment-large thb-lazyload lazyload\" alt=\"Stills \u00a9Nimbus Iceland \/ Sophia Olsson\" title=\"Echo3\" sizes=\"auto, (max-width: 1140px) 100vw, 1140px\" data-src=\"https:\/\/weihnachtsfilmfestival.de\/wp-content\/uploads\/2021\/11\/Echo3-1140x641.jpg\" data-sizes=\"auto\" data-srcset=\"https:\/\/weihnachtsfilmfestival.de\/wp-content\/uploads\/2021\/11\/Echo3-1140x641.jpg 1140w, https:\/\/weihnachtsfilmfestival.de\/wp-content\/uploads\/2021\/11\/Echo3-640x360.jpg 640w, https:\/\/weihnachtsfilmfestival.de\/wp-content\/uploads\/2021\/11\/Echo3-20x11.jpg 20w, https:\/\/weihnachtsfilmfestival.de\/wp-content\/uploads\/2021\/11\/Echo3-320x180.jpg 320w\" \/>\n\t\t<\/div>\n\t\t\t\t\t<\/div>\n\t[\/vc_column][\/vc_row][vc_row thb_full_width=&#8221;true&#8221; thb_row_padding=&#8221;true&#8221; thb_column_padding=&#8221;true&#8221; thb_divider_position=&#8221;bottom&#8221;][vc_column][vc_row_inner thb_column_padding=&#8221;true&#8221; content_placement=&#8221;middle&#8221;][vc_column_inner width=&#8221;1\/2&#8243;][vc_video link=&#8221;https:\/\/youtu.be\/Tnf3eWOfEPQ&#8221; el_class=&#8221;extramargin&#8221;][\/vc_column_inner][vc_column_inner width=&#8221;5\/12&#8243;][vc_column_text]\n<h5>Bergm\u00e1l \/ Echo<\/h5>\n<p>R\u00fanar R\u00fanarsson | Drama | 79min | Iceland, France, Switzerland 2019 | OmeU<\/p>\n<p>As Iceland gets ready for Christmas, a peculiar atmosphere settles over the country. An abandoned farm is burning, a children\u2019s choir sings Christmas carols, chicken carcasses parade through a slaughterhouse, a museum employee is arguing on the phone, a young girl lets her mother try her new virtual-reality headset\u2026 In 56 discrete scenes, the film draws a portrait, both bitter and tender, of modern society.<\/p>\n<p>Wednesday, 22.12. | 19:00 Uhr[\/vc_column_text][vc_btn title=&#8221;Buy Tickets&#8221; style=&#8221;outline&#8221; shape=&#8221;square&#8221; color=&#8221;pink&#8221; size=&#8221;lg&#8221; align=&#8221;right&#8221; i_type=&#8221;typicons&#8221; i_icon_typicons=&#8221;typcn typcn-ticket&#8221; add_icon=&#8221;true&#8221; link=&#8221;url:https%3A%2F%2Fwww.kinoheld.de%2Fcinema-berlin%2Fmoviemento-kino%2Fshow%2F2497059591|target:_blank&#8221;][\/vc_column_inner][vc_column_inner width=&#8221;1\/12&#8243;][\/vc_column_inner][\/vc_row_inner][\/vc_column][\/vc_row][vc_row thb_full_width=&#8221;true&#8221; thb_row_padding=&#8221;true&#8221; thb_column_padding=&#8221;true&#8221; thb_color=&#8221;light-title&#8221; thb_divider_position=&#8221;bottom&#8221;][vc_column thb_color=&#8221;thb-light-column&#8221; width=&#8221;1\/3&#8243; offset=&#8221;vc_hidden-xs&#8221;]\t<div id=\"thb-image-69e18afb91574\" class=\"caption-style1  alignleft full  thb_image_link wp-caption\">\n\t\t\t<div class=\"thb-image-inner size_100\">\n\t\t\t<img loading=\"lazy\" decoding=\"async\" width=\"1140\" height=\"641\" src=\"https:\/\/weihnachtsfilmfestival.de\/wp-content\/uploads\/2021\/11\/Echo4-1140x641.jpg\" class=\"thb_image   thb-ignore-lazyload attachment-large thb-lazyload lazyload\" alt=\"Stills \u00a9Nimbus Iceland \/ Sophia Olsson\" title=\"Echo4\" sizes=\"auto, (max-width: 1140px) 100vw, 1140px\" data-src=\"https:\/\/weihnachtsfilmfestival.de\/wp-content\/uploads\/2021\/11\/Echo4-1140x641.jpg\" data-sizes=\"auto\" data-srcset=\"https:\/\/weihnachtsfilmfestival.de\/wp-content\/uploads\/2021\/11\/Echo4-1140x641.jpg 1140w, https:\/\/weihnachtsfilmfestival.de\/wp-content\/uploads\/2021\/11\/Echo4-640x360.jpg 640w, https:\/\/weihnachtsfilmfestival.de\/wp-content\/uploads\/2021\/11\/Echo4-20x11.jpg 20w, https:\/\/weihnachtsfilmfestival.de\/wp-content\/uploads\/2021\/11\/Echo4-320x180.jpg 320w\" \/>\n\t\t<\/div>\n\t\t\t\t\t<\/div>\n\t[\/vc_column][vc_column thb_color=&#8221;thb-light-column&#8221; width=&#8221;1\/3&#8243; offset=&#8221;vc_hidden-xs&#8221;]\t<div id=\"thb-image-69e18afb9175e\" class=\"caption-style1  alignleft full  thb_image_link wp-caption\">\n\t\t\t<div class=\"thb-image-inner size_100\">\n\t\t\t<img loading=\"lazy\" decoding=\"async\" width=\"1140\" height=\"641\" src=\"https:\/\/weihnachtsfilmfestival.de\/wp-content\/uploads\/2021\/11\/Echo5-1140x641.jpg\" class=\"thb_image   thb-ignore-lazyload attachment-large thb-lazyload lazyload\" alt=\"Stills \u00a9Nimbus Iceland \/ Sophia Olsson\" title=\"Echo5\" sizes=\"auto, (max-width: 1140px) 100vw, 1140px\" data-src=\"https:\/\/weihnachtsfilmfestival.de\/wp-content\/uploads\/2021\/11\/Echo5-1140x641.jpg\" data-sizes=\"auto\" data-srcset=\"https:\/\/weihnachtsfilmfestival.de\/wp-content\/uploads\/2021\/11\/Echo5-1140x641.jpg 1140w, https:\/\/weihnachtsfilmfestival.de\/wp-content\/uploads\/2021\/11\/Echo5-640x360.jpg 640w, https:\/\/weihnachtsfilmfestival.de\/wp-content\/uploads\/2021\/11\/Echo5-20x11.jpg 20w, https:\/\/weihnachtsfilmfestival.de\/wp-content\/uploads\/2021\/11\/Echo5-320x180.jpg 320w\" \/>\n\t\t<\/div>\n\t\t\t\t<div class=\"wp-caption-text\">Stills \u00a9Nimbus Iceland \/ Sophia Olsson<\/div>\n\t\t\t\t<\/div>\n\t[\/vc_column][vc_column width=&#8221;1\/3&#8243;]\t<div id=\"thb-image-69e18afb9193e\" class=\"caption-style1  alignleft full  thb_image_link wp-caption\">\n\t\t\t<div class=\"thb-image-inner size_100\">\n\t\t\t<img loading=\"lazy\" decoding=\"async\" width=\"1140\" height=\"641\" src=\"https:\/\/weihnachtsfilmfestival.de\/wp-content\/uploads\/2021\/11\/Echo6-1140x641.jpg\" class=\"thb_image   thb-ignore-lazyload attachment-large thb-lazyload lazyload\" alt=\"Stills \u00a9Nimbus Iceland \/ Sophia Olsson\" title=\"Echo6\" sizes=\"auto, (max-width: 1140px) 100vw, 1140px\" data-src=\"https:\/\/weihnachtsfilmfestival.de\/wp-content\/uploads\/2021\/11\/Echo6-1140x641.jpg\" data-sizes=\"auto\" data-srcset=\"https:\/\/weihnachtsfilmfestival.de\/wp-content\/uploads\/2021\/11\/Echo6-1140x641.jpg 1140w, https:\/\/weihnachtsfilmfestival.de\/wp-content\/uploads\/2021\/11\/Echo6-640x360.jpg 640w, https:\/\/weihnachtsfilmfestival.de\/wp-content\/uploads\/2021\/11\/Echo6-20x11.jpg 20w, https:\/\/weihnachtsfilmfestival.de\/wp-content\/uploads\/2021\/11\/Echo6-320x180.jpg 320w\" \/>\n\t\t<\/div>\n\t\t\t\t\t<\/div>\n\t[\/vc_column][\/vc_row][vc_row thb_full_width=&#8221;true&#8221; thb_row_padding=&#8221;true&#8221; thb_column_padding=&#8221;true&#8221; thb_color=&#8221;light-title&#8221; thb_divider_position=&#8221;bottom&#8221;][vc_column][vc_row_inner thb_column_padding=&#8221;true&#8221; content_placement=&#8221;middle&#8221;][vc_column_inner width=&#8221;1\/3&#8243;][vc_column_text]\n<p style=\"text-align: center;\">Nad\u00eda Sif L\u00edndal<br \/>\nTelma Huld J\u00f3hannesd\u00f3ttir<br \/>\nPatrik N\u00f6kkvi P\u00e9tursson<br \/>\n\u00c1g\u00fast \u00d6rn B. Wigum<br \/>\nHera Matt<br \/>\nHansel Eagle<br \/>\nAhd Tamimi<br \/>\nRagnar J\u00f3nsson<br \/>\nJens Kristjan<br \/>\nMatthew McClain<\/p>\n[\/vc_column_text][\/vc_column_inner][vc_column_inner thb_color=&#8221;thb-light-column&#8221; width=&#8221;1\/3&#8243;][vc_single_image image=&#8221;5361&#8243; img_size=&#8221;large&#8221; alignment=&#8221;center&#8221; el_class=&#8221;extramargin&#8221;][\/vc_column_inner][vc_column_inner width=&#8221;1\/3&#8243;][vc_column_text]\n<p style=\"text-align: center;\">Director, Writer: R\u00fanar R\u00fanarsson<br \/>\nProducers: Live Hide, Lilja \u00d3sk Snorrad\u00f3ttir, R\u00fanar R\u00fanarsson<br \/>\nExecutive Producers: Birgitte Hald, Bo Ehrhardt, Snorri \u00de\u00f3risson, Einar Sveinn Thordarson, Elli Cassata<br \/>\nDoP: Sophia Olsson<br \/>\nProduction Design: Gus Olafsson<br \/>\nCostume Design &amp; Makeup: J\u00fal\u00edanna L\u00e1ra Steingr\u00edmsd\u00f3ttir<br \/>\nEditor: Jacob Secher Schulsinger<br \/>\nSound Design: Gunnar \u00d3skarsson<br \/>\nMusic: Kjartan Sveinsson<\/p>\n<p style=\"text-align: center;\">Production: Nimbus Iceland, Pegasus Pictures<br \/>\nDistribution: Jour2f\u00eate<\/p>\n[\/vc_column_text][\/vc_column_inner][\/vc_row_inner][\/vc_column][\/vc_row][vc_row thb_full_width=&#8221;true&#8221; thb_row_padding=&#8221;true&#8221; thb_column_padding=&#8221;true&#8221; thb_divider_position=&#8221;bottom&#8221;][vc_column][vc_empty_space height=&#8221;5vh&#8221;][\/vc_column][\/vc_row][vc_row thb_full_width=&#8221;true&#8221; thb_row_padding=&#8221;true&#8221; thb_column_padding=&#8221;true&#8221; thb_divider_position=&#8221;bottom&#8221; el_class=&#8221;farbe1&#8243;][vc_column thb_color=&#8221;thb-light-column&#8221;][vc_column_text]\n<h4 style=\"text-align: center;\">Supporting Film<\/h4>\n[\/vc_column_text][\/vc_column][\/vc_row][vc_row thb_full_width=&#8221;true&#8221; thb_row_padding=&#8221;true&#8221; thb_column_padding=&#8221;true&#8221; thb_divider_position=&#8221;bottom&#8221;][vc_column][vc_empty_space height=&#8221;5vh&#8221;][\/vc_column][\/vc_row][vc_row thb_full_width=&#8221;true&#8221; thb_row_padding=&#8221;true&#8221; thb_column_padding=&#8221;true&#8221; thb_divider_position=&#8221;bottom&#8221;][vc_column][vc_row_inner thb_column_padding=&#8221;true&#8221; content_placement=&#8221;middle&#8221;][vc_column_inner width=&#8221;1\/2&#8243;][vc_single_image image=&#8221;5271&#8243; img_size=&#8221;large&#8221; el_class=&#8221;extramargin&#8221;][\/vc_column_inner][vc_column_inner width=&#8221;5\/12&#8243;][vc_column_text]\n<h5>EX-MAS<\/h5>\n<p>Lee Citron | Tragicomedy | 4min | USA 2020 | OmeU | International Premiere<br \/>\nFaced with the pandemic, Santa realizes it&#8217;s unsafe to go from home to home and decides to take a sabbatical in Rancho Cucamonga, California.[\/vc_column_text][\/vc_column_inner][vc_column_inner width=&#8221;1\/12&#8243;][\/vc_column_inner][\/vc_row_inner][\/vc_column][\/vc_row][vc_row thb_full_width=&#8221;true&#8221; thb_row_padding=&#8221;true&#8221; thb_column_padding=&#8221;true&#8221; thb_divider_position=&#8221;bottom&#8221;][vc_column][vc_empty_space height=&#8221;5vh&#8221;][\/vc_column][\/vc_row]\n<\/div>","protected":false},"excerpt":{"rendered":"<p>[vc_row thb_full_width=&#8221;true&#8221; thb_row_padding=&#8221;true&#8221; thb_column_padding=&#8221;true&#8221; thb_color=&#8221;light-title&#8221; thb_divider_position=&#8221;bottom&#8221;][vc_column thb_color=&#8221;thb-light-column&#8221; el_class=&#8221;farbe1&#8243;][vc_column_text] Bergm\u00e1l \/ Echo [\/vc_column_text][\/vc_column][\/vc_row][vc_row thb_full_width=&#8221;true&#8221; thb_row_padding=&#8221;true&#8221; thb_column_padding=&#8221;true&#8221; thb_color=&#8221;light-title&#8221; thb_divider_position=&#8221;bottom&#8221;][vc_column width=&#8221;1\/3&#8243; offset=&#8221;vc_hidden-xs&#8221;][\/vc_column][vc_column width=&#8221;1\/3&#8243; offset=&#8221;vc_hidden-xs&#8221;][\/vc_column][vc_column width=&#8221;1\/3&#8243; offset=&#8221;vc_hidden-xs&#8221;][\/vc_column][\/vc_row][vc_row thb_full_width=&#8221;true&#8221; thb_row_padding=&#8221;true&#8221; thb_column_padding=&#8221;true&#8221; thb_divider_position=&#8221;bottom&#8221;][vc_column][vc_row_inner thb_column_padding=&#8221;true&#8221; content_placement=&#8221;middle&#8221;][vc_column_inner width=&#8221;1\/2&#8243;][vc_video link=&#8221;https:\/\/youtu.be\/Tnf3eWOfEPQ&#8221; el_class=&#8221;extramargin&#8221;][\/vc_column_inner][vc_column_inner width=&#8221;5\/12&#8243;][vc_column_text] Bergm\u00e1l \/ Echo R\u00fanar R\u00fanarsson | Drama | 79min | Iceland, France, Switzerland 2019 | OmeU As Iceland gets ready for Christmas,&hellip;<\/p>\n","protected":false},"author":1,"featured_media":5044,"parent":4974,"menu_order":0,"comment_status":"closed","ping_status":"closed","template":"","meta":{"footnotes":""},"class_list":["post-5043","page","type-page","status-publish","has-post-thumbnail","hentry"],"aioseo_notices":[],"_links":{"self":[{"href":"https:\/\/weihnachtsfilmfestival.de\/en\/wp-json\/wp\/v2\/pages\/5043","targetHints":{"allow":["GET"]}}],"collection":[{"href":"https:\/\/weihnachtsfilmfestival.de\/en\/wp-json\/wp\/v2\/pages"}],"about":[{"href":"https:\/\/weihnachtsfilmfestival.de\/en\/wp-json\/wp\/v2\/types\/page"}],"author":[{"embeddable":true,"href":"https:\/\/weihnachtsfilmfestival.de\/en\/wp-json\/wp\/v2\/users\/1"}],"replies":[{"embeddable":true,"href":"https:\/\/weihnachtsfilmfestival.de\/en\/wp-json\/wp\/v2\/comments?post=5043"}],"version-history":[{"count":29,"href":"https:\/\/weihnachtsfilmfestival.de\/en\/wp-json\/wp\/v2\/pages\/5043\/revisions"}],"predecessor-version":[{"id":5450,"href":"https:\/\/weihnachtsfilmfestival.de\/en\/wp-json\/wp\/v2\/pages\/5043\/revisions\/5450"}],"up":[{"embeddable":true,"href":"https:\/\/weihnachtsfilmfestival.de\/en\/wp-json\/wp\/v2\/pages\/4974"}],"wp:featuredmedia":[{"embeddable":true,"href":"https:\/\/weihnachtsfilmfestival.de\/en\/wp-json\/wp\/v2\/media\/5044"}],"wp:attachment":[{"href":"https:\/\/weihnachtsfilmfestival.de\/en\/wp-json\/wp\/v2\/media?parent=5043"}],"curies":[{"name":"wp","href":"https:\/\/api.w.org\/{rel}","templated":true}]}}