{"id":6686,"date":"2025-10-27T20:55:19","date_gmt":"2025-10-27T20:55:19","guid":{"rendered":"https:\/\/weihnachtsfilmfestival.de\/?page_id=6686"},"modified":"2026-02-06T18:39:13","modified_gmt":"2026-02-06T18:39:13","slug":"theuncle","status":"publish","type":"page","link":"https:\/\/weihnachtsfilmfestival.de\/en\/wff2025\/theuncle","title":{"rendered":"The Uncle"},"content":{"rendered":"<div class=\"wpb-content-wrapper\">[vc_row thb_full_width=&#8221;true&#8221; thb_row_padding=&#8221;true&#8221; thb_column_padding=&#8221;true&#8221; thb_color=&#8221;light-title&#8221; thb_divider_position=&#8221;bottom&#8221;][vc_column thb_color=&#8221;thb-light-column&#8221; el_class=&#8221;farbe1&#8243;][vc_column_text css=&#8221;&#8221;]\n<h1 style=\"text-align: center;\">The Uncle<\/h1>\n[\/vc_column_text][\/vc_column][\/vc_row][vc_row thb_full_width=&#8221;true&#8221; thb_row_padding=&#8221;true&#8221; thb_column_padding=&#8221;true&#8221; thb_color=&#8221;light-title&#8221; thb_divider_position=&#8221;bottom&#8221;][vc_column width=&#8221;1\/3&#8243; offset=&#8221;vc_hidden-xs&#8221;]\t<div id=\"thb-image-69debc469e337\" class=\"caption-style1  alignleft full  thb_image_link wp-caption\">\n\t\t\t<div class=\"thb-image-inner size_100\">\n\t\t\t<img loading=\"lazy\" decoding=\"async\" width=\"1140\" height=\"478\" src=\"https:\/\/weihnachtsfilmfestival.de\/wp-content\/uploads\/2025\/10\/TheUncle6-1140x478.jpg\" class=\"thb_image   thb-ignore-lazyload attachment-large thb-lazyload lazyload\" alt=\"\" title=\"TheUncle6\" sizes=\"auto, (max-width: 1140px) 100vw, 1140px\" data-src=\"https:\/\/weihnachtsfilmfestival.de\/wp-content\/uploads\/2025\/10\/TheUncle6-1140x478.jpg\" data-sizes=\"auto\" data-srcset=\"https:\/\/weihnachtsfilmfestival.de\/wp-content\/uploads\/2025\/10\/TheUncle6-1140x478.jpg 1140w, https:\/\/weihnachtsfilmfestival.de\/wp-content\/uploads\/2025\/10\/TheUncle6-640x268.jpg 640w, https:\/\/weihnachtsfilmfestival.de\/wp-content\/uploads\/2025\/10\/TheUncle6-320x134.jpg 320w, https:\/\/weihnachtsfilmfestival.de\/wp-content\/uploads\/2025\/10\/TheUncle6-20x9.jpg 20w\" \/>\n\t\t<\/div>\n\t\t\t\t\t<\/div>\n\t[\/vc_column][vc_column width=&#8221;1\/3&#8243; offset=&#8221;vc_hidden-xs&#8221;]\t<div id=\"thb-image-69debc469e547\" class=\"caption-style1  alignleft full  thb_image_link wp-caption\">\n\t\t\t<div class=\"thb-image-inner size_100\">\n\t\t\t<img loading=\"lazy\" decoding=\"async\" width=\"1140\" height=\"478\" src=\"https:\/\/weihnachtsfilmfestival.de\/wp-content\/uploads\/2025\/10\/TheUncle1-1140x478.jpg\" class=\"thb_image   thb-ignore-lazyload attachment-large thb-lazyload lazyload\" alt=\"\" title=\"TheUncle1\" sizes=\"auto, (max-width: 1140px) 100vw, 1140px\" data-src=\"https:\/\/weihnachtsfilmfestival.de\/wp-content\/uploads\/2025\/10\/TheUncle1-1140x478.jpg\" data-sizes=\"auto\" data-srcset=\"https:\/\/weihnachtsfilmfestival.de\/wp-content\/uploads\/2025\/10\/TheUncle1-1140x478.jpg 1140w, https:\/\/weihnachtsfilmfestival.de\/wp-content\/uploads\/2025\/10\/TheUncle1-640x268.jpg 640w, https:\/\/weihnachtsfilmfestival.de\/wp-content\/uploads\/2025\/10\/TheUncle1-320x134.jpg 320w, https:\/\/weihnachtsfilmfestival.de\/wp-content\/uploads\/2025\/10\/TheUncle1-20x9.jpg 20w\" \/>\n\t\t<\/div>\n\t\t\t\t\t<\/div>\n\t[\/vc_column][vc_column width=&#8221;1\/3&#8243; offset=&#8221;vc_hidden-xs&#8221;]\t<div id=\"thb-image-69debc469e744\" class=\"caption-style1  alignleft full  thb_image_link wp-caption\">\n\t\t\t<div class=\"thb-image-inner size_100\">\n\t\t\t<img loading=\"lazy\" decoding=\"async\" width=\"1140\" height=\"478\" src=\"https:\/\/weihnachtsfilmfestival.de\/wp-content\/uploads\/2025\/10\/TheUncle4-1140x478.jpg\" class=\"thb_image   thb-ignore-lazyload attachment-large thb-lazyload lazyload\" alt=\"\" title=\"TheUncle4\" sizes=\"auto, (max-width: 1140px) 100vw, 1140px\" data-src=\"https:\/\/weihnachtsfilmfestival.de\/wp-content\/uploads\/2025\/10\/TheUncle4-1140x478.jpg\" data-sizes=\"auto\" data-srcset=\"https:\/\/weihnachtsfilmfestival.de\/wp-content\/uploads\/2025\/10\/TheUncle4-1140x478.jpg 1140w, https:\/\/weihnachtsfilmfestival.de\/wp-content\/uploads\/2025\/10\/TheUncle4-640x268.jpg 640w, https:\/\/weihnachtsfilmfestival.de\/wp-content\/uploads\/2025\/10\/TheUncle4-320x134.jpg 320w, https:\/\/weihnachtsfilmfestival.de\/wp-content\/uploads\/2025\/10\/TheUncle4-20x9.jpg 20w\" \/>\n\t\t<\/div>\n\t\t\t\t\t<\/div>\n\t[\/vc_column][\/vc_row][vc_row thb_full_width=&#8221;true&#8221; thb_row_padding=&#8221;true&#8221; thb_column_padding=&#8221;true&#8221; thb_divider_position=&#8221;bottom&#8221;][vc_column][vc_row_inner thb_column_padding=&#8221;true&#8221; content_placement=&#8221;middle&#8221;][vc_column_inner width=&#8221;1\/2&#8243;][vc_video link=&#8221;https:\/\/youtu.be\/_3JsDdLHtvE&#8221; css=&#8221;&#8221; el_class=&#8221;extramargin&#8221;][\/vc_column_inner][vc_column_inner width=&#8221;5\/12&#8243;][vc_column_text css=&#8221;&#8221;]\n<h5>Stric \/ The Uncle<\/h5>\n<p>David Kapac, Andrija Marde\u0161i\u0107 | Thriller, Dark Comedy | 104min |<br \/>\nSerbia, Croatia 2022 | OmeU | Berlin Premiere<\/p>\n<p><span data-sheets-root=\"1\">Yugoslavia, late 1980s. Parents and son are hastily making the final preparations for Christmas Eve dinner. Their beloved uncle from Germany will be parking his Mercedes in front of the house any moment now and everything has to be ready. But, hang on, are things really as they seem? <\/span><\/p>\n<p><strong>Sunday, 21.12. | 16:30 Uhr<\/strong>[\/vc_column_text][vc_btn title=&#8221;Get Tickets&#8221; style=&#8221;outline&#8221; shape=&#8221;square&#8221; color=&#8221;pink&#8221; size=&#8221;lg&#8221; align=&#8221;right&#8221; i_type=&#8221;typicons&#8221; i_icon_typicons=&#8221;typcn typcn-ticket&#8221; css=&#8221;&#8221; add_icon=&#8221;true&#8221; link=&#8221;url:https%3A%2F%2Fwww.kinoheld.de%2Fkino%2Fberlin%2Fmoviemento-kino%2Fvorstellung%2F3359283352|target:_blank&#8221; el_class=&#8221;nichtanzeigen&#8221;][\/vc_column_inner][vc_column_inner width=&#8221;1\/12&#8243;][\/vc_column_inner][\/vc_row_inner][\/vc_column][\/vc_row][vc_row thb_full_width=&#8221;true&#8221; thb_row_padding=&#8221;true&#8221; thb_column_padding=&#8221;true&#8221; thb_color=&#8221;light-title&#8221; thb_divider_position=&#8221;bottom&#8221;][vc_column thb_color=&#8221;thb-light-column&#8221; width=&#8221;1\/3&#8243; offset=&#8221;vc_hidden-xs&#8221;]\t<div id=\"thb-image-69debc469e923\" class=\"caption-style1  alignleft full  thb_image_link wp-caption\">\n\t\t\t<div class=\"thb-image-inner size_100\">\n\t\t\t<img loading=\"lazy\" decoding=\"async\" width=\"1140\" height=\"478\" src=\"https:\/\/weihnachtsfilmfestival.de\/wp-content\/uploads\/2025\/10\/TheUncle2-1140x478.jpg\" class=\"thb_image   thb-ignore-lazyload attachment-large thb-lazyload lazyload\" alt=\"\" title=\"TheUncle2\" sizes=\"auto, (max-width: 1140px) 100vw, 1140px\" data-src=\"https:\/\/weihnachtsfilmfestival.de\/wp-content\/uploads\/2025\/10\/TheUncle2-1140x478.jpg\" data-sizes=\"auto\" data-srcset=\"https:\/\/weihnachtsfilmfestival.de\/wp-content\/uploads\/2025\/10\/TheUncle2-1140x478.jpg 1140w, https:\/\/weihnachtsfilmfestival.de\/wp-content\/uploads\/2025\/10\/TheUncle2-640x268.jpg 640w, https:\/\/weihnachtsfilmfestival.de\/wp-content\/uploads\/2025\/10\/TheUncle2-320x134.jpg 320w, https:\/\/weihnachtsfilmfestival.de\/wp-content\/uploads\/2025\/10\/TheUncle2-20x9.jpg 20w\" \/>\n\t\t<\/div>\n\t\t\t\t\t<\/div>\n\t[\/vc_column][vc_column thb_color=&#8221;thb-light-column&#8221; width=&#8221;1\/3&#8243; offset=&#8221;vc_hidden-xs&#8221;]\t<div id=\"thb-image-69debc469eb02\" class=\"caption-style1  alignleft full  thb_image_link wp-caption\">\n\t\t\t<div class=\"thb-image-inner size_100\">\n\t\t\t<img loading=\"lazy\" decoding=\"async\" width=\"1140\" height=\"478\" src=\"https:\/\/weihnachtsfilmfestival.de\/wp-content\/uploads\/2025\/10\/TheUncle3-1140x478.jpg\" class=\"thb_image   thb-ignore-lazyload attachment-large thb-lazyload lazyload\" alt=\"Stills \u00a9 Bendita Film Sales\" title=\"TheUncle3\" sizes=\"auto, (max-width: 1140px) 100vw, 1140px\" data-src=\"https:\/\/weihnachtsfilmfestival.de\/wp-content\/uploads\/2025\/10\/TheUncle3-1140x478.jpg\" data-sizes=\"auto\" data-srcset=\"https:\/\/weihnachtsfilmfestival.de\/wp-content\/uploads\/2025\/10\/TheUncle3-1140x478.jpg 1140w, https:\/\/weihnachtsfilmfestival.de\/wp-content\/uploads\/2025\/10\/TheUncle3-640x268.jpg 640w, https:\/\/weihnachtsfilmfestival.de\/wp-content\/uploads\/2025\/10\/TheUncle3-320x134.jpg 320w, https:\/\/weihnachtsfilmfestival.de\/wp-content\/uploads\/2025\/10\/TheUncle3-20x9.jpg 20w\" \/>\n\t\t<\/div>\n\t\t\t\t<div class=\"wp-caption-text\">Stills \u00a9 Bendita Film Sales<\/div>\n\t\t\t\t<\/div>\n\t[\/vc_column][vc_column width=&#8221;1\/3&#8243;]\t<div id=\"thb-image-69debc469ece8\" class=\"caption-style1  alignleft full  thb_image_link wp-caption\">\n\t\t\t<div class=\"thb-image-inner size_100\">\n\t\t\t<img loading=\"lazy\" decoding=\"async\" width=\"1140\" height=\"478\" src=\"https:\/\/weihnachtsfilmfestival.de\/wp-content\/uploads\/2025\/10\/TheUncle5-1140x478.jpg\" class=\"thb_image   thb-ignore-lazyload attachment-large thb-lazyload lazyload\" alt=\"\" title=\"TheUncle5\" sizes=\"auto, (max-width: 1140px) 100vw, 1140px\" data-src=\"https:\/\/weihnachtsfilmfestival.de\/wp-content\/uploads\/2025\/10\/TheUncle5-1140x478.jpg\" data-sizes=\"auto\" data-srcset=\"https:\/\/weihnachtsfilmfestival.de\/wp-content\/uploads\/2025\/10\/TheUncle5-1140x478.jpg 1140w, https:\/\/weihnachtsfilmfestival.de\/wp-content\/uploads\/2025\/10\/TheUncle5-640x268.jpg 640w, https:\/\/weihnachtsfilmfestival.de\/wp-content\/uploads\/2025\/10\/TheUncle5-320x134.jpg 320w, https:\/\/weihnachtsfilmfestival.de\/wp-content\/uploads\/2025\/10\/TheUncle5-20x9.jpg 20w\" \/>\n\t\t<\/div>\n\t\t\t\t\t<\/div>\n\t[\/vc_column][\/vc_row][vc_row thb_full_width=&#8221;true&#8221; thb_row_padding=&#8221;true&#8221; thb_column_padding=&#8221;true&#8221; thb_color=&#8221;light-title&#8221; thb_divider_position=&#8221;bottom&#8221;][vc_column][vc_row_inner thb_column_padding=&#8221;true&#8221; content_placement=&#8221;middle&#8221;][vc_column_inner width=&#8221;1\/3&#8243;][vc_column_text css=&#8221;&#8221;]\n<p style=\"text-align: center;\">Cast:<br \/>\nPredrag Miki Manojlovi\u0107<br \/>\nIvana Ro\u0161\u010di\u0107<br \/>\nGoran Bogdan<br \/>\nRoko Sikavica<br \/>\nKaja \u0160i\u0161manovi\u0107<\/p>\n[\/vc_column_text][\/vc_column_inner][vc_column_inner thb_color=&#8221;thb-light-column&#8221; width=&#8221;1\/3&#8243;][vc_single_image image=&#8221;6696&#8243; img_size=&#8221;large&#8221; alignment=&#8221;center&#8221; css=&#8221;&#8221; el_class=&#8221;extramargin&#8221;][\/vc_column_inner][vc_column_inner width=&#8221;1\/3&#8243;][vc_column_text css=&#8221;&#8221;]\n<p style=\"text-align: center;\">Director: David Kapac, Andrija Marde\u0161i\u0107<br \/>\nScreenplay: David Kapac, Andrija Marde\u0161i\u0107<br \/>\nCinematography: Milo\u0161 Ja\u0107imovi\u0107<br \/>\nEditing: Tomislav Stojanovi\u0107<br \/>\nSound: Frano Homen<br \/>\nMusic: Miro Manojlovi\u0107<br \/>\nExecutive producers: Ivan Kelava, Tomo Vuji\u0107, Milan Stojanovi\u0107<\/p>\n<p style=\"text-align: center;\">Production: Eclectica, Sense<br \/>\nDistribution: Bendita Film Sales<\/p>\n[\/vc_column_text][\/vc_column_inner][\/vc_row_inner][\/vc_column][\/vc_row][vc_row thb_full_width=&#8221;true&#8221; thb_row_padding=&#8221;true&#8221; thb_column_padding=&#8221;true&#8221; thb_divider_position=&#8221;bottom&#8221;][vc_column][vc_empty_space height=&#8221;5vh&#8221;][\/vc_column][\/vc_row]\n<\/div>","protected":false},"excerpt":{"rendered":"<p>[vc_row thb_full_width=&#8221;true&#8221; thb_row_padding=&#8221;true&#8221; thb_column_padding=&#8221;true&#8221; thb_color=&#8221;light-title&#8221; thb_divider_position=&#8221;bottom&#8221;][vc_column thb_color=&#8221;thb-light-column&#8221; el_class=&#8221;farbe1&#8243;][vc_column_text css=&#8221;&#8221;] The Uncle [\/vc_column_text][\/vc_column][\/vc_row][vc_row thb_full_width=&#8221;true&#8221; thb_row_padding=&#8221;true&#8221; thb_column_padding=&#8221;true&#8221; thb_color=&#8221;light-title&#8221; thb_divider_position=&#8221;bottom&#8221;][vc_column width=&#8221;1\/3&#8243; offset=&#8221;vc_hidden-xs&#8221;][\/vc_column][vc_column width=&#8221;1\/3&#8243; offset=&#8221;vc_hidden-xs&#8221;][\/vc_column][vc_column width=&#8221;1\/3&#8243; offset=&#8221;vc_hidden-xs&#8221;][\/vc_column][\/vc_row][vc_row thb_full_width=&#8221;true&#8221; thb_row_padding=&#8221;true&#8221; thb_column_padding=&#8221;true&#8221; thb_divider_position=&#8221;bottom&#8221;][vc_column][vc_row_inner thb_column_padding=&#8221;true&#8221; content_placement=&#8221;middle&#8221;][vc_column_inner width=&#8221;1\/2&#8243;][vc_video link=&#8221;https:\/\/youtu.be\/_3JsDdLHtvE&#8221; css=&#8221;&#8221; el_class=&#8221;extramargin&#8221;][\/vc_column_inner][vc_column_inner width=&#8221;5\/12&#8243;][vc_column_text css=&#8221;&#8221;] Stric \/ The Uncle David Kapac, Andrija Marde\u0161i\u0107 | Thriller, Dark Comedy | 104min | Serbia, Croatia 2022 | OmeU&hellip;<\/p>\n","protected":false},"author":1,"featured_media":6630,"parent":6615,"menu_order":0,"comment_status":"closed","ping_status":"closed","template":"","meta":{"footnotes":""},"class_list":["post-6686","page","type-page","status-publish","has-post-thumbnail","hentry"],"aioseo_notices":[],"_links":{"self":[{"href":"https:\/\/weihnachtsfilmfestival.de\/en\/wp-json\/wp\/v2\/pages\/6686","targetHints":{"allow":["GET"]}}],"collection":[{"href":"https:\/\/weihnachtsfilmfestival.de\/en\/wp-json\/wp\/v2\/pages"}],"about":[{"href":"https:\/\/weihnachtsfilmfestival.de\/en\/wp-json\/wp\/v2\/types\/page"}],"author":[{"embeddable":true,"href":"https:\/\/weihnachtsfilmfestival.de\/en\/wp-json\/wp\/v2\/users\/1"}],"replies":[{"embeddable":true,"href":"https:\/\/weihnachtsfilmfestival.de\/en\/wp-json\/wp\/v2\/comments?post=6686"}],"version-history":[{"count":20,"href":"https:\/\/weihnachtsfilmfestival.de\/en\/wp-json\/wp\/v2\/pages\/6686\/revisions"}],"predecessor-version":[{"id":6997,"href":"https:\/\/weihnachtsfilmfestival.de\/en\/wp-json\/wp\/v2\/pages\/6686\/revisions\/6997"}],"up":[{"embeddable":true,"href":"https:\/\/weihnachtsfilmfestival.de\/en\/wp-json\/wp\/v2\/pages\/6615"}],"wp:featuredmedia":[{"embeddable":true,"href":"https:\/\/weihnachtsfilmfestival.de\/en\/wp-json\/wp\/v2\/media\/6630"}],"wp:attachment":[{"href":"https:\/\/weihnachtsfilmfestival.de\/en\/wp-json\/wp\/v2\/media?parent=6686"}],"curies":[{"name":"wp","href":"https:\/\/api.w.org\/{rel}","templated":true}]}}